{"id":83,"date":"2024-01-22T19:01:24","date_gmt":"2024-01-22T19:01:24","guid":{"rendered":"https:\/\/nyhemsida.bmk-84.fi\/?page_id=83"},"modified":"2024-01-22T19:01:24","modified_gmt":"2024-01-22T19:01:24","slug":"tavlingsanmalan-raseborgs-nationella-badmintontavling-18-19-5","status":"publish","type":"page","link":"https:\/\/bmk-84.fi\/fi\/tavlingsanmalan-raseborgs-nationella-badmintontavling-18-19-5\/","title":{"rendered":"Ilmoittautuminen - Raaseporin kansalliset sulkapallokisat 18.-19.5."},"content":{"rendered":"\n<h2 class=\"wp-block-heading\">T\u00e4vlingsanm\u00e4lan &#8211; Raseborgs nationella badmintont\u00e4vling 18.-19.5.<\/h2>\n\n\n<div class=\"wpforms-container wpforms-container-full wpforms-block wpforms-block-9151dc82-a7f8-40e8-9415-dbc2daf24207 wpforms-render-modern\" id=\"wpforms-77\"><form id=\"wpforms-form-77\" class=\"wpforms-validate wpforms-form wpforms-ajax-form\" data-formid=\"77\" method=\"post\" enctype=\"multipart\/form-data\" action=\"\/fi\/wp-json\/wp\/v2\/pages\/83\" data-token=\"0dd2895cf73b450dc503bcbee218d733\" data-token-time=\"1777609175\"><noscript class=\"wpforms-error-noscript\">Please enable JavaScript in your browser to complete this form.<\/noscript><div id=\"wpforms-error-noscript\" style=\"display: none;\">Please enable JavaScript in your browser to complete this form.<\/div><div class=\"wpforms-field-container\"><div id=\"wpforms-77-field_0-container\" class=\"wpforms-field wpforms-field-name\" data-field-id=\"0\"><fieldset><legend class=\"wpforms-field-label\">Spelarens namn <span class=\"wpforms-required-label\" aria-hidden=\"true\">*<\/span><\/legend><div class=\"wpforms-field-row wpforms-field-small\"><div class=\"wpforms-field-row-block wpforms-first wpforms-one-half\"><input type=\"text\" id=\"wpforms-77-field_0\" class=\"wpforms-field-name-first wpforms-field-required\" name=\"wpforms[fields][0][first]\" placeholder=\"F\u00f6rnamn\" aria-errormessage=\"wpforms-77-field_0-error\" required><label for=\"wpforms-77-field_0\" class=\"wpforms-field-sublabel after wpforms-sublabel-hide\">First<\/label><\/div><div class=\"wpforms-field-row-block wpforms-one-half\"><input type=\"text\" id=\"wpforms-77-field_0-last\" class=\"wpforms-field-name-last wpforms-field-required\" name=\"wpforms[fields][0][last]\" placeholder=\"Efternamn\" aria-errormessage=\"wpforms-77-field_0-last-error\" required><label for=\"wpforms-77-field_0-last\" class=\"wpforms-field-sublabel after wpforms-sublabel-hide\">Last<\/label><\/div><\/div><\/fieldset><\/div><div id=\"wpforms-77-field_24-container\" class=\"wpforms-field wpforms-field-email\" data-field-id=\"24\"><label class=\"wpforms-field-label\" for=\"wpforms-77-field_24\">Epost <span class=\"wpforms-required-label\" aria-hidden=\"true\">*<\/span><\/label><input type=\"email\" id=\"wpforms-77-field_24\" class=\"wpforms-field-small wpforms-field-required\" name=\"wpforms[fields][24]\" spellcheck=\"false\" aria-errormessage=\"wpforms-77-field_24-error\" required><\/div><div id=\"wpforms-77-field_25-container\" class=\"wpforms-field wpforms-field-radio\" data-field-id=\"25\"><fieldset><legend class=\"wpforms-field-label\">Spelarklass <span class=\"wpforms-required-label\" aria-hidden=\"true\">*<\/span><\/legend><ul id=\"wpforms-77-field_25\" class=\"wpforms-field-required\"><li class=\"choice-1 depth-1\"><input type=\"radio\" id=\"wpforms-77-field_25_1\" name=\"wpforms[fields][25]\" value=\"A-klass\" aria-errormessage=\"wpforms-77-field_25_1-error\" required ><label class=\"wpforms-field-label-inline\" for=\"wpforms-77-field_25_1\">A-klass<\/label><\/li><li class=\"choice-2 depth-1\"><input type=\"radio\" id=\"wpforms-77-field_25_2\" name=\"wpforms[fields][25]\" value=\"B-klass\" aria-errormessage=\"wpforms-77-field_25_2-error\" required ><label class=\"wpforms-field-label-inline\" for=\"wpforms-77-field_25_2\">B-klass<\/label><\/li><li class=\"choice-3 depth-1\"><input type=\"radio\" id=\"wpforms-77-field_25_3\" name=\"wpforms[fields][25]\" value=\"C-klass\" aria-errormessage=\"wpforms-77-field_25_3-error\" required ><label class=\"wpforms-field-label-inline\" for=\"wpforms-77-field_25_3\">C-klass<\/label><\/li><li class=\"choice-4 depth-1\"><input type=\"radio\" id=\"wpforms-77-field_25_4\" name=\"wpforms[fields][25]\" value=\"Junior\" aria-errormessage=\"wpforms-77-field_25_4-error\" required ><label class=\"wpforms-field-label-inline\" for=\"wpforms-77-field_25_4\">Junior<\/label><\/li><\/ul><\/fieldset><\/div><div id=\"wpforms-77-field_23-container\" class=\"wpforms-field wpforms-field-checkbox\" data-field-id=\"23\"><fieldset><legend class=\"wpforms-field-label\">Kategori <span class=\"wpforms-required-label\" aria-hidden=\"true\">*<\/span><\/legend><ul id=\"wpforms-77-field_23\" class=\"wpforms-field-required\"><li class=\"choice-1 depth-1\"><input type=\"checkbox\" id=\"wpforms-77-field_23_1\" name=\"wpforms[fields][23][]\" value=\"Singel\" aria-errormessage=\"wpforms-77-field_23_1-error\" required ><label class=\"wpforms-field-label-inline\" for=\"wpforms-77-field_23_1\">Singel<\/label><\/li><li class=\"choice-2 depth-1\"><input type=\"checkbox\" id=\"wpforms-77-field_23_2\" name=\"wpforms[fields][23][]\" value=\"Dubbel\" aria-errormessage=\"wpforms-77-field_23_2-error\" required ><label class=\"wpforms-field-label-inline\" for=\"wpforms-77-field_23_2\">Dubbel<\/label><\/li><li class=\"choice-3 depth-1\"><input type=\"checkbox\" id=\"wpforms-77-field_23_3\" name=\"wpforms[fields][23][]\" value=\"Mixed\" aria-errormessage=\"wpforms-77-field_23_3-error\" required ><label class=\"wpforms-field-label-inline\" for=\"wpforms-77-field_23_3\">Mixed<\/label><\/li><\/ul><\/fieldset><\/div><div id=\"wpforms-77-field_15-container\" class=\"wpforms-field wpforms-field-checkbox\" data-field-id=\"15\"><fieldset><legend class=\"wpforms-field-label\">Villkor <span class=\"wpforms-required-label\" aria-hidden=\"true\">*<\/span><\/legend><ul id=\"wpforms-77-field_15\" class=\"wpforms-field-required\"><li class=\"choice-1 depth-1\"><input type=\"checkbox\" id=\"wpforms-77-field_15_1\" name=\"wpforms[fields][15][]\" value=\"Jag accepterar t\u00e4vlingens villkor samt t\u00e4vlingsavgiften p\u00e5 25 \u20ac\" aria-errormessage=\"wpforms-77-field_15_1-error\" required ><label class=\"wpforms-field-label-inline\" for=\"wpforms-77-field_15_1\">Jag accepterar t\u00e4vlingens villkor samt t\u00e4vlingsavgiften p\u00e5 25 \u20ac<\/label><\/li><\/ul><\/fieldset><\/div><\/div><!-- .wpforms-field-container --><div class=\"wpforms-recaptcha-container wpforms-is-hcaptcha\" ><div class=\"h-captcha\" data-sitekey=\"4e1ed6e5-d6c8-4452-be06-bd613570ee46\"><\/div><input type=\"text\" name=\"g-recaptcha-hidden\" class=\"wpforms-recaptcha-hidden\" style=\"position:absolute!important;clip:rect(0,0,0,0)!important;height:1px!important;width:1px!important;border:0!important;overflow:hidden!important;padding:0!important;margin:0!important;\" data-rule-hcaptcha=\"1\"><\/div><div class=\"wpforms-submit-container\" ><input type=\"hidden\" name=\"wpforms[id]\" value=\"77\"><input type=\"hidden\" name=\"page_title\" value=\"\"><input type=\"hidden\" name=\"page_url\" value=\"https:\/\/bmk-84.fi\/fi\/wp-json\/wp\/v2\/pages\/83\"><input type=\"hidden\" name=\"url_referer\" value=\"\"><button type=\"submit\" name=\"wpforms[submit]\" id=\"wpforms-submit-77\" class=\"wpforms-submit\" data-alt-text=\"Skickar...\" data-submit-text=\"Skicka\" aria-live=\"assertive\" value=\"wpforms-submit\">Skicka<\/button><img loading=\"lazy\" decoding=\"async\" src=\"https:\/\/bmk-84.fi\/wp-content\/plugins\/wpforms-lite\/assets\/images\/submit-spin.svg\" class=\"wpforms-submit-spinner\" style=\"display: none;\" width=\"26\" height=\"26\" alt=\"Loading\"><\/div><\/form><\/div>  <!-- .wpforms-container -->","protected":false},"excerpt":{"rendered":"<p>Ilmoittautuminen - Raaseporin kansalliset sulkapallokisat 18.-19.5.<\/p>","protected":false},"author":1,"featured_media":0,"parent":0,"menu_order":0,"comment_status":"closed","ping_status":"closed","template":"","meta":{"site-sidebar-layout":"default","site-content-layout":"","ast-site-content-layout":"","site-content-style":"default","site-sidebar-style":"default","ast-global-header-display":"","ast-banner-title-visibility":"","ast-main-header-display":"","ast-hfb-above-header-display":"","ast-hfb-below-header-display":"","ast-hfb-mobile-header-display":"","site-post-title":"","ast-breadcrumbs-content":"","ast-featured-img":"","footer-sml-layout":"","theme-transparent-header-meta":"","adv-header-id-meta":"","stick-header-meta":"","header-above-stick-meta":"","header-main-stick-meta":"","header-below-stick-meta":"","astra-migrate-meta-layouts":"default","ast-page-background-enabled":"default","ast-page-background-meta":{"desktop":{"background-color":"var(--ast-global-color-4)","background-image":"","background-repeat":"repeat","background-position":"center center","background-size":"auto","background-attachment":"scroll","background-type":"","background-media":"","overlay-type":"","overlay-color":"","overlay-gradient":""},"tablet":{"background-color":"","background-image":"","background-repeat":"repeat","background-position":"center center","background-size":"auto","background-attachment":"scroll","background-type":"","background-media":"","overlay-type":"","overlay-color":"","overlay-gradient":""},"mobile":{"background-color":"","background-image":"","background-repeat":"repeat","background-position":"center center","background-size":"auto","background-attachment":"scroll","background-type":"","background-media":"","overlay-type":"","overlay-color":"","overlay-gradient":""}},"ast-content-background-meta":{"desktop":{"background-color":"var(--ast-global-color-5)","background-image":"","background-repeat":"repeat","background-position":"center center","background-size":"auto","background-attachment":"scroll","background-type":"","background-media":"","overlay-type":"","overlay-color":"","overlay-gradient":""},"tablet":{"background-color":"var(--ast-global-color-5)","background-image":"","background-repeat":"repeat","background-position":"center center","background-size":"auto","background-attachment":"scroll","background-type":"","background-media":"","overlay-type":"","overlay-color":"","overlay-gradient":""},"mobile":{"background-color":"var(--ast-global-color-5)","background-image":"","background-repeat":"repeat","background-position":"center center","background-size":"auto","background-attachment":"scroll","background-type":"","background-media":"","overlay-type":"","overlay-color":"","overlay-gradient":""}},"footnotes":""},"_links":{"self":[{"href":"https:\/\/bmk-84.fi\/fi\/wp-json\/wp\/v2\/pages\/83"}],"collection":[{"href":"https:\/\/bmk-84.fi\/fi\/wp-json\/wp\/v2\/pages"}],"about":[{"href":"https:\/\/bmk-84.fi\/fi\/wp-json\/wp\/v2\/types\/page"}],"author":[{"embeddable":true,"href":"https:\/\/bmk-84.fi\/fi\/wp-json\/wp\/v2\/users\/1"}],"replies":[{"embeddable":true,"href":"https:\/\/bmk-84.fi\/fi\/wp-json\/wp\/v2\/comments?post=83"}],"version-history":[{"count":2,"href":"https:\/\/bmk-84.fi\/fi\/wp-json\/wp\/v2\/pages\/83\/revisions"}],"predecessor-version":[{"id":86,"href":"https:\/\/bmk-84.fi\/fi\/wp-json\/wp\/v2\/pages\/83\/revisions\/86"}],"wp:attachment":[{"href":"https:\/\/bmk-84.fi\/fi\/wp-json\/wp\/v2\/media?parent=83"}],"curies":[{"name":"wp","href":"https:\/\/api.w.org\/{rel}","templated":true}]}}