{"id":7,"date":"2023-08-21T14:31:38","date_gmt":"2023-08-21T14:31:38","guid":{"rendered":"https:\/\/nyhemsida.bmk-84.fi\/?page_id=7"},"modified":"2024-08-12T17:35:01","modified_gmt":"2024-08-12T17:35:01","slug":"startsida","status":"publish","type":"page","link":"https:\/\/bmk-84.fi\/fi\/","title":{"rendered":"Startsida"},"content":{"rendered":"<div class=\"wp-block-cover alignfull is-light\" style=\"min-height:614px\"><span aria-hidden=\"true\" class=\"wp-block-cover__background has-background-dim-20 has-background-dim wp-block-cover__gradient-background has-background-gradient\" style=\"background:linear-gradient(135deg,rgb(117,7,227) 0%,rgb(155,81,224) 100%)\"><\/span><img decoding=\"async\" class=\"wp-block-cover__image-background wp-image-28\" alt=\"\" src=\"https:\/\/nyhemsida.bmk-84.fi\/wp-content\/uploads\/2023\/08\/pexels-leo-zhao-5767580-scaled.jpg\" data-object-fit=\"cover\"\/><div class=\"wp-block-cover__inner-container is-layout-flow wp-block-cover-is-layout-flow\">\n<div class=\"inherit-container-width wp-block-group alignwide is-layout-constrained wp-block-group-is-layout-constrained\">\n<div class=\"wp-block-columns alignwide is-layout-flex wp-container-core-columns-layout-1 wp-block-columns-is-layout-flex\">\n<div class=\"wp-block-column is-layout-flow wp-block-column-is-layout-flow\" style=\"flex-basis:56%\">\n<h1 class=\"wp-block-heading has-text-align-left has-white-color has-text-color\">Badmintonklubben -84 Eken\u00e4s<\/h1>\n\n\n\n<p><\/p>\n\n\n\n<div class=\"wp-block-buttons alignwide is-layout-flex wp-block-buttons-is-layout-flex\">\n<div class=\"wp-block-button\"><a class=\"wp-block-button__link has-ast-global-color-6-color has-ast-global-color-0-background-color has-text-color has-background has-link-color wp-element-button\" href=\"https:\/\/nyhemsida.bmk-84.fi\/fi\/minisulkis\/\">Tule pelaamaan sulkapalloa!<\/a><\/div>\n<\/div>\n<\/div>\n\n\n\n<div class=\"wp-block-column is-layout-flow wp-block-column-is-layout-flow\" style=\"flex-basis:44%\">\n<figure class=\"wp-block-image\"><img loading=\"lazy\" decoding=\"async\" width=\"1\" height=\"1\" src=\"https:\/\/nyhemsida.bmk-84.fi\/wp-content\/uploads\/2023\/08\/pixel.png\" alt=\"\" class=\"wp-image-29\"\/><\/figure>\n<\/div>\n<\/div>\n<\/div>\n<\/div><\/div>\n\n\n\n<div class=\"wp-block-group alignfull has-ast-global-color-5-background-color has-background is-layout-constrained wp-block-group-is-layout-constrained\" id=\"about\" style=\"padding-top:26px;padding-bottom:26px\">\n<div class=\"wp-block-columns is-layout-flex wp-container-core-columns-layout-2 wp-block-columns-is-layout-flex\">\n<div class=\"wp-block-column is-layout-flow wp-block-column-is-layout-flow\" style=\"flex-basis:100%\">\n<div class=\"wp-block-group is-layout-constrained wp-block-group-is-layout-constrained\"><\/div>\n<\/div>\n<\/div>\n<\/div>\n\n\n\n<div class=\"wp-block-columns are-vertically-aligned-top is-layout-flex wp-container-core-columns-layout-3 wp-block-columns-is-layout-flex\">\n<div class=\"wp-block-column is-vertically-aligned-top is-layout-flow wp-block-column-is-layout-flow\">\n<h2 class=\"wp-block-heading\">Ajankohtaista<\/h2>\n\n\n<ul class=\"wp-block-latest-posts__list has-dates wp-block-latest-posts\"><li><a class=\"wp-block-latest-posts__post-title\" href=\"https:\/\/bmk-84.fi\/fi\/juniortraningen-borjar-1-9\/\">Junnutreenit alkaa 1.9.<\/a><time datetime=\"2025-07-29T17:47:35+00:00\" class=\"wp-block-latest-posts__post-date\">29.07.2025<\/time><\/li>\n<li><a class=\"wp-block-latest-posts__post-title\" href=\"https:\/\/bmk-84.fi\/fi\/hostsasongen-borjar-snart\/\">Syyskausi l\u00e4hestyy!<\/a><time datetime=\"2024-08-12T17:41:20+00:00\" class=\"wp-block-latest-posts__post-date\">12.08.2024<\/time><\/li>\n<li><a class=\"wp-block-latest-posts__post-title\" href=\"https:\/\/bmk-84.fi\/fi\/junioreiden-kevatkausi-alkaa-10-1-2024\/\">Junioreiden kev\u00e4tkausi alkaa 10.1.2024<\/a><time datetime=\"2023-12-22T20:03:35+00:00\" class=\"wp-block-latest-posts__post-date\">22.12.2023<\/time><\/li>\n<\/ul><\/div>\n\n\n\n<div class=\"wp-block-column is-vertically-aligned-top is-layout-flow wp-block-column-is-layout-flow\">\n<h3 class=\"wp-block-heading\">Kerhosta lyhyesti<\/h3>\n\n\n\n<div class=\"inherit-container-width wp-block-group is-layout-constrained wp-block-group-is-layout-constrained\" style=\"padding-right:80px\">\n<p>Tammisaaren sulkapallokerho on perustettu vuonna 1983 ja toimii Tammisaaren palloiluhallissa sek\u00e4 yl\u00e4asteen liikuntasalissa.<br><br>Yhdistys keskittyy ensisijaisesti junioritoimintaan eri tasoilla, mutta my\u00f6s seniorit ovat tervetulleita kuntoilemaan. Jos kiinnostusta l\u00f6ytyy, j\u00e4rjestet\u00e4\u00e4n kursseja my\u00f6s senioreille.<\/p>\n\n\n\n<p>T\u00e4ll\u00e4 hetkell\u00e4 yhdistyksess\u00e4 on noin 100 j\u00e4sent\u00e4. <\/p>\n<\/div>\n<\/div>\n<\/div>","protected":false},"excerpt":{"rendered":"<p>Aktuellt Om klubben Badmintonklubben i Eken\u00e4s har funnits sedan 1983 och bedriver sin verksamhet i Eken\u00e4s Bollhall, Flemingsgatan 19 och Eken\u00e4s h\u00f6gstadiets gymnastiksal. F\u00f6reningen satsar fr\u00e4mst p\u00e5 juniorverksamhet p\u00e5 olika niv\u00e5er, men \u00e4ven seniorer \u00e4r v\u00e4lkomna att motionsspela. Om intresse finns s\u00e5 ordnas \u00e4ven badmintonkurser f\u00f6r seniorer. F\u00f6r tillf\u00e4llet har f\u00f6reningen ca 100 medlemmar.<\/p>","protected":false},"author":1,"featured_media":0,"parent":0,"menu_order":0,"comment_status":"closed","ping_status":"closed","template":"","meta":{"site-sidebar-layout":"no-sidebar","site-content-layout":"plain-container","ast-site-content-layout":"","site-content-style":"default","site-sidebar-style":"default","ast-global-header-display":"","ast-banner-title-visibility":"","ast-main-header-display":"","ast-hfb-above-header-display":"","ast-hfb-below-header-display":"","ast-hfb-mobile-header-display":"","site-post-title":"disabled","ast-breadcrumbs-content":"","ast-featured-img":"","footer-sml-layout":"","theme-transparent-header-meta":"enabled","adv-header-id-meta":"","stick-header-meta":"","header-above-stick-meta":"","header-main-stick-meta":"","header-below-stick-meta":"","astra-migrate-meta-layouts":"default","ast-page-background-enabled":"default","ast-page-background-meta":{"desktop":{"background-color":"var(--ast-global-color-4)","background-image":"","background-repeat":"repeat","background-position":"center center","background-size":"auto","background-attachment":"scroll","background-type":"","background-media":"","overlay-type":"","overlay-color":"","overlay-gradient":""},"tablet":{"background-color":"","background-image":"","background-repeat":"repeat","background-position":"center center","background-size":"auto","background-attachment":"scroll","background-type":"","background-media":"","overlay-type":"","overlay-color":"","overlay-gradient":""},"mobile":{"background-color":"","background-image":"","background-repeat":"repeat","background-position":"center center","background-size":"auto","background-attachment":"scroll","background-type":"","background-media":"","overlay-type":"","overlay-color":"","overlay-gradient":""}},"ast-content-background-meta":{"desktop":{"background-color":"var(--ast-global-color-5)","background-image":"","background-repeat":"repeat","background-position":"center center","background-size":"auto","background-attachment":"scroll","background-type":"","background-media":"","overlay-type":"","overlay-color":"","overlay-gradient":""},"tablet":{"background-color":"var(--ast-global-color-5)","background-image":"","background-repeat":"repeat","background-position":"center center","background-size":"auto","background-attachment":"scroll","background-type":"","background-media":"","overlay-type":"","overlay-color":"","overlay-gradient":""},"mobile":{"background-color":"var(--ast-global-color-5)","background-image":"","background-repeat":"repeat","background-position":"center center","background-size":"auto","background-attachment":"scroll","background-type":"","background-media":"","overlay-type":"","overlay-color":"","overlay-gradient":""}},"footnotes":""},"_links":{"self":[{"href":"https:\/\/bmk-84.fi\/fi\/wp-json\/wp\/v2\/pages\/7"}],"collection":[{"href":"https:\/\/bmk-84.fi\/fi\/wp-json\/wp\/v2\/pages"}],"about":[{"href":"https:\/\/bmk-84.fi\/fi\/wp-json\/wp\/v2\/types\/page"}],"author":[{"embeddable":true,"href":"https:\/\/bmk-84.fi\/fi\/wp-json\/wp\/v2\/users\/1"}],"replies":[{"embeddable":true,"href":"https:\/\/bmk-84.fi\/fi\/wp-json\/wp\/v2\/comments?post=7"}],"version-history":[{"count":22,"href":"https:\/\/bmk-84.fi\/fi\/wp-json\/wp\/v2\/pages\/7\/revisions"}],"predecessor-version":[{"id":138,"href":"https:\/\/bmk-84.fi\/fi\/wp-json\/wp\/v2\/pages\/7\/revisions\/138"}],"wp:attachment":[{"href":"https:\/\/bmk-84.fi\/fi\/wp-json\/wp\/v2\/media?parent=7"}],"curies":[{"name":"wp","href":"https:\/\/api.w.org\/{rel}","templated":true}]}}