{"id":55,"date":"2023-08-21T18:35:09","date_gmt":"2023-08-21T18:35:09","guid":{"rendered":"https:\/\/nyhemsida.bmk-84.fi\/?page_id=55"},"modified":"2026-03-01T16:48:43","modified_gmt":"2026-03-01T16:48:43","slug":"kontakt","status":"publish","type":"page","link":"https:\/\/bmk-84.fi\/fi\/kontakt\/","title":{"rendered":"Yhteystiedot"},"content":{"rendered":"<h2 class=\"wp-block-heading\">Yhteystiedot<\/h2>\n\n\n\n<h3 class=\"wp-block-heading\" style=\"margin-top:var(--wp--preset--spacing--50)\">Valmentaja<\/h3>\n\n\n\n<figure class=\"wp-block-table is-style-stripes\"><table><tbody><tr><td>Filip Graeffe<\/td><td>0400 378 267<\/td><\/tr><\/tbody><\/table><\/figure>\n\n\n\n<h3 class=\"wp-block-heading\" style=\"margin-top:var(--wp--preset--spacing--50);margin-bottom:0\">Kentt\u00e4varaukset\/peliaikakyselyt<\/h3>\n\n\n\n<figure class=\"wp-block-table is-style-stripes\" style=\"margin-top:0;margin-right:0;margin-bottom:0;margin-left:0\"><table><tbody><tr><td>ekonomi.bmk84@gmail.com<\/td><\/tr><\/tbody><\/table><\/figure>\n\n\n\n<h3 class=\"wp-block-heading\" style=\"margin-top:var(--wp--preset--spacing--50)\">Faktureringsuppgifter<\/h3>\n\n\n\n<figure class=\"wp-block-table is-style-stripes\"><table><tbody><tr><td><strong>Nimi<\/strong><\/td><td>Badminton Klubben &#8211; 84 Eken\u00e4s r.f.<\/td><\/tr><tr><td><strong>FO-nummer<\/strong><\/td><td>1634328-6<\/td><\/tr><tr><td><strong>S\u00e4hk\u00f6posti<\/strong><\/td><td>ekonomi.bmk84@gmail.com<\/td><\/tr><\/tbody><\/table><\/figure>\n\n\n\n<h3 class=\"wp-block-heading\" style=\"margin-top:var(--wp--preset--spacing--50)\">Hallitus<\/h3>\n\n\n\n<figure class=\"wp-block-table is-style-stripes\"><table><tbody><tr><td><strong>Puheenjohtaja<\/strong><br>Sofie Lindholm<\/td><td>040 770 4393<\/td><\/tr><tr><td><strong>Varapuheenjohtaja<\/strong><br>Christian Gr\u00f6ndahl<\/td><td><\/td><\/tr><tr><td><strong>Rahastonhoitaja<\/strong><br>Tony Lind\u00e9n<\/td><td>040 719 2434<\/td><\/tr><tr><td><strong>Sihteeri<\/strong><br>Nelly Wallenius<\/td><td><\/td><\/tr><tr><td><strong>J\u00e4sen<\/strong><br>Lisa Ringvall<\/td><td><\/td><\/tr><tr><td><strong>J\u00e4sen<\/strong><br>Filip Graeffe<\/td><td><\/td><\/tr><tr><td><\/td><td><\/td><\/tr><tr><td><strong>Varaj\u00e4sen<\/strong><br>Thomas Wallenius<\/td><td><\/td><\/tr><tr><td><strong>Varaj\u00e4sen<\/strong><br>Leif Nummelin<\/td><td><\/td><\/tr><\/tbody><\/table><\/figure>","protected":false},"excerpt":{"rendered":"<p>Kontaktuppgifter Tr\u00e4nare Filip Graeffe 0400 378 267 Planbokningar\/speltidsf\u00f6rfr\u00e5gningar ekonomi.bmk84@gmail.com Faktureringsuppgifter Namn Badminton Klubben &#8211; 84 Eken\u00e4s r.f. FO-nummer 1634328-6 Epost ekonomi.bmk84@gmail.com Styrelsen Ordf\u00f6randeSofie Lindholm 040 770 4393 Viceordf\u00f6randeChristian Gr\u00f6ndahl Kass\u00f6rTony Lind\u00e9n 040 719 2434 SekreterareNelly Wallenius MedlemLisa Ringvall MedlemFilip Graeffe SuppleantThomas Wallenius SuppleantLeif Nummelin<\/p>","protected":false},"author":1,"featured_media":0,"parent":0,"menu_order":0,"comment_status":"closed","ping_status":"closed","template":"","meta":{"site-sidebar-layout":"default","site-content-layout":"","ast-site-content-layout":"","site-content-style":"default","site-sidebar-style":"default","ast-global-header-display":"","ast-banner-title-visibility":"","ast-main-header-display":"","ast-hfb-above-header-display":"","ast-hfb-below-header-display":"","ast-hfb-mobile-header-display":"","site-post-title":"","ast-breadcrumbs-content":"","ast-featured-img":"","footer-sml-layout":"","theme-transparent-header-meta":"","adv-header-id-meta":"","stick-header-meta":"","header-above-stick-meta":"","header-main-stick-meta":"","header-below-stick-meta":"","astra-migrate-meta-layouts":"default","ast-page-background-enabled":"default","ast-page-background-meta":{"desktop":{"background-color":"var(--ast-global-color-4)","background-image":"","background-repeat":"repeat","background-position":"center center","background-size":"auto","background-attachment":"scroll","background-type":"","background-media":"","overlay-type":"","overlay-color":"","overlay-gradient":""},"tablet":{"background-color":"","background-image":"","background-repeat":"repeat","background-position":"center center","background-size":"auto","background-attachment":"scroll","background-type":"","background-media":"","overlay-type":"","overlay-color":"","overlay-gradient":""},"mobile":{"background-color":"","background-image":"","background-repeat":"repeat","background-position":"center center","background-size":"auto","background-attachment":"scroll","background-type":"","background-media":"","overlay-type":"","overlay-color":"","overlay-gradient":""}},"ast-content-background-meta":{"desktop":{"background-color":"var(--ast-global-color-5)","background-image":"","background-repeat":"repeat","background-position":"center center","background-size":"auto","background-attachment":"scroll","background-type":"","background-media":"","overlay-type":"","overlay-color":"","overlay-gradient":""},"tablet":{"background-color":"var(--ast-global-color-5)","background-image":"","background-repeat":"repeat","background-position":"center center","background-size":"auto","background-attachment":"scroll","background-type":"","background-media":"","overlay-type":"","overlay-color":"","overlay-gradient":""},"mobile":{"background-color":"var(--ast-global-color-5)","background-image":"","background-repeat":"repeat","background-position":"center center","background-size":"auto","background-attachment":"scroll","background-type":"","background-media":"","overlay-type":"","overlay-color":"","overlay-gradient":""}},"footnotes":""},"_links":{"self":[{"href":"https:\/\/bmk-84.fi\/fi\/wp-json\/wp\/v2\/pages\/55"}],"collection":[{"href":"https:\/\/bmk-84.fi\/fi\/wp-json\/wp\/v2\/pages"}],"about":[{"href":"https:\/\/bmk-84.fi\/fi\/wp-json\/wp\/v2\/types\/page"}],"author":[{"embeddable":true,"href":"https:\/\/bmk-84.fi\/fi\/wp-json\/wp\/v2\/users\/1"}],"replies":[{"embeddable":true,"href":"https:\/\/bmk-84.fi\/fi\/wp-json\/wp\/v2\/comments?post=55"}],"version-history":[{"count":10,"href":"https:\/\/bmk-84.fi\/fi\/wp-json\/wp\/v2\/pages\/55\/revisions"}],"predecessor-version":[{"id":211,"href":"https:\/\/bmk-84.fi\/fi\/wp-json\/wp\/v2\/pages\/55\/revisions\/211"}],"wp:attachment":[{"href":"https:\/\/bmk-84.fi\/fi\/wp-json\/wp\/v2\/media?parent=55"}],"curies":[{"name":"wp","href":"https:\/\/api.w.org\/{rel}","templated":true}]}}