{"id":39,"date":"2023-08-21T17:39:51","date_gmt":"2023-08-21T17:39:51","guid":{"rendered":"https:\/\/nyhemsida.bmk-84.fi\/?page_id=39"},"modified":"2026-03-01T16:47:40","modified_gmt":"2026-03-01T16:47:40","slug":"seniortraning","status":"publish","type":"page","link":"https:\/\/bmk-84.fi\/fi\/seniortraning\/","title":{"rendered":"Seniortr\u00e4ning"},"content":{"rendered":"<h2 class=\"wp-block-heading\">Seniorit\/kuntoilijat<\/h2>\n\n\n\n<p>Senioreiden kent\u00e4t ja peliajat jaetaan syksyll\u00e4. Kentti\u00e4 on saatavilla rajoitettu m\u00e4\u00e4r\u00e4, niin kannattaa olla hyviss\u00e4 ajoin liikkeell\u00e4, jos haluaa peliajan. Maksutapana k\u00e4y lasku tai ePassi.<\/p>\n\n\n\n<p>Kent\u00e4t voidaan varata joko kaksinpeli\u00e4 tai nelinpeli\u00e4 varten.<\/p>\n\n\n\n<p>Peliajat kausi 2025-2026:<\/p>\n\n\n\n<figure class=\"wp-block-table\"><table><tbody><tr><td>Tammisaaren palloiluhalli<\/td><td>sunnuntaisin 20:30 - 22:00<\/td><\/tr><\/tbody><\/table><\/figure>\n\n\n\n<div class=\"wp-block-media-text has-media-on-the-right is-stacked-on-mobile\"><div class=\"wp-block-media-text__content\">\n<div class=\"wp-block-group is-layout-constrained wp-block-group-is-layout-constrained\">\n<div class=\"wp-block-columns is-layout-flex wp-container-core-columns-layout-1 wp-block-columns-is-layout-flex\">\n<div class=\"wp-block-column is-layout-flow wp-block-column-is-layout-flow\" style=\"flex-basis:100%\">\n<div class=\"wp-block-group is-layout-constrained wp-block-group-is-layout-constrained\">\n<p>Kentt\u00e4varaukset: <a href=\"https:\/\/bmk-84.fi\/fi\/planreservering-seniorer-motionarer\/\">pelaajailmoitus kausi 2025-2026<\/a><br><br><\/p>\n\n\n\n<p>Hinnasto:<\/p>\n\n\n\n<figure class=\"wp-block-table\"><table><tbody><tr><td>1\/4 kentt\u00e4 1h + j\u00e4senmaksu<\/td><td>102,50 \u20ac\/henkil\u00f6<\/td><\/tr><tr><td>1\/4 kentt\u00e4 1,5h + j\u00e4senmaksu<\/td><td>121,25 \u20ac\/henkil\u00f6<\/td><\/tr><tr><td>1\/2 kentt\u00e4 1h + j\u00e4senmaksu<\/td><td>140,00 \u20ac\/henkil\u00f6<\/td><\/tr><tr><td>1\/2 kentt\u00e4 1,5h + j\u00e4senmaksu<\/td><td>177,50 \u20ac\/henkil\u00f6<\/td><\/tr><\/tbody><\/table><\/figure>\n\n\n\n<p> <\/p>\n<\/div>\n<\/div>\n<\/div>\n<\/div>\n<\/div><figure class=\"wp-block-media-text__media\"><img loading=\"lazy\" decoding=\"async\" width=\"1024\" height=\"683\" src=\"https:\/\/nyhemsida.bmk-84.fi\/wp-content\/uploads\/2023\/08\/pexels-shvets-production-8007075-1024x683.jpg\" alt=\"\" class=\"wp-image-40 size-full\" srcset=\"https:\/\/bmk-84.fi\/wp-content\/uploads\/2023\/08\/pexels-shvets-production-8007075-1024x683.jpg 1024w, https:\/\/bmk-84.fi\/wp-content\/uploads\/2023\/08\/pexels-shvets-production-8007075-300x200.jpg 300w, https:\/\/bmk-84.fi\/wp-content\/uploads\/2023\/08\/pexels-shvets-production-8007075-768x512.jpg 768w, https:\/\/bmk-84.fi\/wp-content\/uploads\/2023\/08\/pexels-shvets-production-8007075-1536x1024.jpg 1536w, https:\/\/bmk-84.fi\/wp-content\/uploads\/2023\/08\/pexels-shvets-production-8007075-2048x1365.jpg 2048w\" sizes=\"(max-width: 1024px) 100vw, 1024px\" \/><\/figure><\/div>","protected":false},"excerpt":{"rendered":"<p>Seniorer\/motion\u00e4rer Spelplanerna f\u00f6r seniorer delas ut till h\u00f6sten, begr\u00e4nsat antal planer finns till f\u00f6rfogande, det l\u00f6nar sig att vara ute i god tid om man vill ha en speltid. Speltiden kan betalas med faktura eller ePassi. Planerna kan bokas f\u00f6r singel- eller dubbelspel. Speltider s\u00e4song 2025-2026: Bollhallen Eken\u00e4s s\u00f6ndagar 20:30 &#8211; 22:00<\/p>","protected":false},"author":1,"featured_media":0,"parent":0,"menu_order":0,"comment_status":"closed","ping_status":"closed","template":"","meta":{"site-sidebar-layout":"default","site-content-layout":"","ast-site-content-layout":"","site-content-style":"default","site-sidebar-style":"default","ast-global-header-display":"","ast-banner-title-visibility":"","ast-main-header-display":"","ast-hfb-above-header-display":"","ast-hfb-below-header-display":"","ast-hfb-mobile-header-display":"","site-post-title":"","ast-breadcrumbs-content":"","ast-featured-img":"","footer-sml-layout":"","theme-transparent-header-meta":"","adv-header-id-meta":"","stick-header-meta":"","header-above-stick-meta":"","header-main-stick-meta":"","header-below-stick-meta":"","astra-migrate-meta-layouts":"default","ast-page-background-enabled":"default","ast-page-background-meta":{"desktop":{"background-color":"var(--ast-global-color-4)","background-image":"","background-repeat":"repeat","background-position":"center center","background-size":"auto","background-attachment":"scroll","background-type":"","background-media":"","overlay-type":"","overlay-color":"","overlay-gradient":""},"tablet":{"background-color":"","background-image":"","background-repeat":"repeat","background-position":"center center","background-size":"auto","background-attachment":"scroll","background-type":"","background-media":"","overlay-type":"","overlay-color":"","overlay-gradient":""},"mobile":{"background-color":"","background-image":"","background-repeat":"repeat","background-position":"center center","background-size":"auto","background-attachment":"scroll","background-type":"","background-media":"","overlay-type":"","overlay-color":"","overlay-gradient":""}},"ast-content-background-meta":{"desktop":{"background-color":"var(--ast-global-color-5)","background-image":"","background-repeat":"repeat","background-position":"center center","background-size":"auto","background-attachment":"scroll","background-type":"","background-media":"","overlay-type":"","overlay-color":"","overlay-gradient":""},"tablet":{"background-color":"var(--ast-global-color-5)","background-image":"","background-repeat":"repeat","background-position":"center center","background-size":"auto","background-attachment":"scroll","background-type":"","background-media":"","overlay-type":"","overlay-color":"","overlay-gradient":""},"mobile":{"background-color":"var(--ast-global-color-5)","background-image":"","background-repeat":"repeat","background-position":"center center","background-size":"auto","background-attachment":"scroll","background-type":"","background-media":"","overlay-type":"","overlay-color":"","overlay-gradient":""}},"footnotes":""},"_links":{"self":[{"href":"https:\/\/bmk-84.fi\/fi\/wp-json\/wp\/v2\/pages\/39"}],"collection":[{"href":"https:\/\/bmk-84.fi\/fi\/wp-json\/wp\/v2\/pages"}],"about":[{"href":"https:\/\/bmk-84.fi\/fi\/wp-json\/wp\/v2\/types\/page"}],"author":[{"embeddable":true,"href":"https:\/\/bmk-84.fi\/fi\/wp-json\/wp\/v2\/users\/1"}],"replies":[{"embeddable":true,"href":"https:\/\/bmk-84.fi\/fi\/wp-json\/wp\/v2\/comments?post=39"}],"version-history":[{"count":7,"href":"https:\/\/bmk-84.fi\/fi\/wp-json\/wp\/v2\/pages\/39\/revisions"}],"predecessor-version":[{"id":210,"href":"https:\/\/bmk-84.fi\/fi\/wp-json\/wp\/v2\/pages\/39\/revisions\/210"}],"wp:attachment":[{"href":"https:\/\/bmk-84.fi\/fi\/wp-json\/wp\/v2\/media?parent=39"}],"curies":[{"name":"wp","href":"https:\/\/api.w.org\/{rel}","templated":true}]}}