{"id":33,"date":"2023-08-21T17:12:45","date_gmt":"2023-08-21T17:12:45","guid":{"rendered":"https:\/\/nyhemsida.bmk-84.fi\/?page_id=33"},"modified":"2025-08-12T18:10:37","modified_gmt":"2025-08-12T18:10:37","slug":"juniortraning","status":"publish","type":"page","link":"https:\/\/bmk-84.fi\/fi\/juniortraning\/","title":{"rendered":"Juniorit"},"content":{"rendered":"<div class=\"wp-block-media-text has-media-on-the-right is-stacked-on-mobile\" style=\"grid-template-columns:auto 40%\"><div class=\"wp-block-media-text__content\">\n<h2 class=\"wp-block-heading\">Junioriharjoitukset<\/h2>\n\n\n\n<p>Junioriharjoitukset kaudella 2025-2026 pidet\u00e4\u00e4n yl\u00e4asteen kuntoilusalissa alkaen 1.9.2025.<br><br><strong>maanantaisin 17:00 - 18:30<\/strong>. <\/p>\n\n\n\n<p>Jos sulkapallo kiinnostaa, ja haluat tulla kokeilemaan pelaamista, voit tulla salille jonakin harjoituksen aikana tai ottaa yhteytt\u00e4 valmentajaan. Voit tulla muutaman kerran kokeilemaan, millaista on pelata sulkapalloa, ennen kuin liityt j\u00e4seneksi.<\/p>\n\n\n\n<p>Valmentaja:<br>Filip Graeffe<br>0400 378 267<\/p>\n\n\n\n<p>Junioreiden pelimaksu on 120 \u20ac\/vuosi + j\u00e4senyysmaksu 30 \u20ac.<\/p>\n\n\n\n<h3 class=\"wp-block-heading\">Pelaajailmoitus<\/h3>\n\n\n\n<p><a href=\"https:\/\/bmk-84.fi\/fi\/anmalan-juniorer\/\">Junioriharjoitusten pelaajailmoitus kausi 2025-2026<\/a><\/p>\n\n\n\n<h3 class=\"wp-block-heading\">Pelaajavakuutus ja lisenssi<\/h3>\n\n\n\n<p>Jos haluat sulkapallovakuutuksen, saat tietoa pelaajalisensseist\u00e4 sek\u00e4 junioreiden ja seniorien vakuutuksista Suomen Sulkapalloliiton sivuilta. Pelaajia ei ole vakuutettu BMK-84:n kautta. Jos haluat osallistua kilpailuihin, jotka ovat liiton kilpailukalenterissa, sinulla tulee olla lisenssi.<br><a href=\"https:\/\/www.sulkapallo.fi\/kilpaileminen\/lisenssit-ja-vakuutukset\/\">https:\/\/www.sulkapallo.fi\/kilpaileminen\/lisenssit-ja-vakuutukset\/<\/a><\/p>\n<\/div><figure class=\"wp-block-media-text__media\"><img loading=\"lazy\" decoding=\"async\" width=\"320\" height=\"224\" src=\"https:\/\/nyhemsida.bmk-84.fi\/wp-content\/uploads\/2023\/08\/Otto-Danskanen.jpg\" alt=\"\" class=\"wp-image-34 size-full\" srcset=\"https:\/\/bmk-84.fi\/wp-content\/uploads\/2023\/08\/Otto-Danskanen.jpg 320w, https:\/\/bmk-84.fi\/wp-content\/uploads\/2023\/08\/Otto-Danskanen-300x210.jpg 300w\" sizes=\"(max-width: 320px) 100vw, 320px\" \/><\/figure><\/div>","protected":false},"excerpt":{"rendered":"<p>Juniortr\u00e4ning Juniortr\u00e4ningarna s\u00e4songen 2025-2026 h\u00e5lls i h\u00f6gstadiets gymnastiksal fr.o.m. 1.9.2025. M\u00e5ndagar 17:00 &#8211; 18:30. Den som \u00e4r intresserad att komma och pr\u00f6va p\u00e5 badminton kan komma till gymnastiksalen under n\u00e5gon av tr\u00e4ningstiderna eller kontakta tr\u00e4naren. Man kan komma och pr\u00f6va p\u00e5 hur det \u00e4r att spela badminton n\u00e5gra g\u00e5nger innan man beh\u00f6ver skriva in sig [&hellip;]<\/p>\n","protected":false},"author":1,"featured_media":0,"parent":0,"menu_order":0,"comment_status":"closed","ping_status":"closed","template":"","meta":{"site-sidebar-layout":"default","site-content-layout":"","ast-site-content-layout":"","site-content-style":"default","site-sidebar-style":"default","ast-global-header-display":"","ast-banner-title-visibility":"","ast-main-header-display":"","ast-hfb-above-header-display":"","ast-hfb-below-header-display":"","ast-hfb-mobile-header-display":"","site-post-title":"","ast-breadcrumbs-content":"","ast-featured-img":"","footer-sml-layout":"","theme-transparent-header-meta":"","adv-header-id-meta":"","stick-header-meta":"","header-above-stick-meta":"","header-main-stick-meta":"","header-below-stick-meta":"","astra-migrate-meta-layouts":"","ast-page-background-enabled":"default","ast-page-background-meta":{"desktop":{"background-color":"var(--ast-global-color-4)","background-image":"","background-repeat":"repeat","background-position":"center center","background-size":"auto","background-attachment":"scroll","background-type":"","background-media":"","overlay-type":"","overlay-color":"","overlay-gradient":""},"tablet":{"background-color":"","background-image":"","background-repeat":"repeat","background-position":"center center","background-size":"auto","background-attachment":"scroll","background-type":"","background-media":"","overlay-type":"","overlay-color":"","overlay-gradient":""},"mobile":{"background-color":"","background-image":"","background-repeat":"repeat","background-position":"center center","background-size":"auto","background-attachment":"scroll","background-type":"","background-media":"","overlay-type":"","overlay-color":"","overlay-gradient":""}},"ast-content-background-meta":{"desktop":{"background-color":"var(--ast-global-color-5)","background-image":"","background-repeat":"repeat","background-position":"center center","background-size":"auto","background-attachment":"scroll","background-type":"","background-media":"","overlay-type":"","overlay-color":"","overlay-gradient":""},"tablet":{"background-color":"var(--ast-global-color-5)","background-image":"","background-repeat":"repeat","background-position":"center center","background-size":"auto","background-attachment":"scroll","background-type":"","background-media":"","overlay-type":"","overlay-color":"","overlay-gradient":""},"mobile":{"background-color":"var(--ast-global-color-5)","background-image":"","background-repeat":"repeat","background-position":"center center","background-size":"auto","background-attachment":"scroll","background-type":"","background-media":"","overlay-type":"","overlay-color":"","overlay-gradient":""}},"footnotes":""},"_links":{"self":[{"href":"https:\/\/bmk-84.fi\/fi\/wp-json\/wp\/v2\/pages\/33"}],"collection":[{"href":"https:\/\/bmk-84.fi\/fi\/wp-json\/wp\/v2\/pages"}],"about":[{"href":"https:\/\/bmk-84.fi\/fi\/wp-json\/wp\/v2\/types\/page"}],"author":[{"embeddable":true,"href":"https:\/\/bmk-84.fi\/fi\/wp-json\/wp\/v2\/users\/1"}],"replies":[{"embeddable":true,"href":"https:\/\/bmk-84.fi\/fi\/wp-json\/wp\/v2\/comments?post=33"}],"version-history":[{"count":7,"href":"https:\/\/bmk-84.fi\/fi\/wp-json\/wp\/v2\/pages\/33\/revisions"}],"predecessor-version":[{"id":196,"href":"https:\/\/bmk-84.fi\/fi\/wp-json\/wp\/v2\/pages\/33\/revisions\/196"}],"wp:attachment":[{"href":"https:\/\/bmk-84.fi\/fi\/wp-json\/wp\/v2\/media?parent=33"}],"curies":[{"name":"wp","href":"https:\/\/api.w.org\/{rel}","templated":true}]}}