{"id":123,"date":"2024-03-04T19:45:10","date_gmt":"2024-03-04T19:45:10","guid":{"rendered":"https:\/\/bmk-84.fi\/?page_id=123"},"modified":"2024-03-04T20:24:33","modified_gmt":"2024-03-04T20:24:33","slug":"registerbeskrivning","status":"publish","type":"page","link":"https:\/\/bmk-84.fi\/fi\/registerbeskrivning\/","title":{"rendered":"Rekisteriseloste"},"content":{"rendered":"<h2 class=\"wp-block-heading\">Rekisteriseloste<\/h2>\n\n\n\n<h3 class=\"wp-block-heading\"><strong>Rekisterinpit\u00e4j\u00e4<\/strong><\/h3>\n\n\n\n<p>Badminton Klubben -84 Eken\u00e4s r.f.<\/p>\n\n\n\n<p>Kerho suojelee j\u00e4sentens\u00e4 yksityisyytt\u00e4 ja pyrkii varmistamaan, ett\u00e4 heid\u00e4n henkil\u00f6tietojaan k\u00e4sitell\u00e4\u00e4n laillisesti, turvallisesti ja l\u00e4pin\u00e4kyv\u00e4sti. Seura s\u00e4ilytt\u00e4\u00e4 ja k\u00e4sittelee henkil\u00f6tietoja EU:n yleisen tietosuoja-asetuksen (GDPR) mukaisesti.<\/p>\n\n\n\n<h3 class=\"wp-block-heading\"><strong>Henkil\u00f6tietojen ker\u00e4\u00e4minen<\/strong><\/h3>\n\n\n\n<p>Ker\u00e4\u00e4mme j\u00e4senilt\u00e4mme henkil\u00f6tietoja vain tiettyihin tarkoituksiin, jotka liittyv\u00e4t yhdistyksemme toimintaan tai lakis\u00e4\u00e4teisten vaatimusten t\u00e4ytt\u00e4miseen. Henkil\u00f6tietoja, joita voimme ker\u00e4t\u00e4, ovat nimi, osoite, s\u00e4hk\u00f6postiosoite, puhelinnumero ja syntym\u00e4aika.<\/p>\n\n\n\n<h3 class=\"wp-block-heading\"><strong>Henkil\u00f6tietojen k\u00e4ytt\u00f6 ja jakaminen<\/strong><\/h3>\n\n\n\n<p>K\u00e4yt\u00e4mme henkil\u00f6tietoja hallinnoidaksemme j\u00e4senyytt\u00e4, kommunikoidaksemme j\u00e4senten kanssa sek\u00e4 organisoidaksemme ja markkinoidaksemme toimintaa. Henkil\u00f6tietoja k\u00e4sittelev\u00e4t vain seuran hallitus ja valmentajat. Tietoja ei koskaan jaeta muille kolmansille osapuolille.<\/p>\n\n\n\n<h3 class=\"wp-block-heading\"><strong>S\u00e4ilytysaika<\/strong><\/h3>\n\n\n\n<p>Tietoja k\u00e4sitell\u00e4\u00e4n niin kauan kuin j\u00e4senyys jatkuu ja poistetaan sen j\u00e4lkeen pyynn\u00f6st\u00e4.<\/p>\n\n\n\n<h3 class=\"wp-block-heading\"><strong>Oikeudet<\/strong><\/h3>\n\n\n\n<p>J\u00e4senill\u00e4 on oikeus saada p\u00e4\u00e4sy henkil\u00f6tietoihinsa ja korjata niit\u00e4. Niin kauan kuin j\u00e4senyys jatkuu, ei ole mahdollista pyyt\u00e4\u00e4 tietojensa poistamista tai rajoittaa tai vastustaa k\u00e4sittely\u00e4.<\/p>\n\n\n\n<h3 class=\"wp-block-heading\"><strong>Tietosuoja ja turvallisuus<\/strong><\/h3>\n\n\n\n<p>K\u00e4yt\u00e4mme asianmukaisia \u200b\u200bteknisi\u00e4 ja j\u00e4rjest\u00f6llisi\u00e4 ratkaisuja henkil\u00f6tietojen suojaamiseksi vahingossa tapahtuvalta katoamiselta, luvattomalta p\u00e4\u00e4sylt\u00e4, k\u00e4yt\u00f6lt\u00e4, muuttamiselta tai levitt\u00e4miselt\u00e4.<\/p>\n\n\n\n<h3 class=\"wp-block-heading\"><strong>Ota meihin yhteytt\u00e4<\/strong><\/h3>\n\n\n\n<p>Jos sinulla on kysytt\u00e4v\u00e4\u00e4 henkil\u00f6tietojen k\u00e4sittelyst\u00e4mme, ota meihin yhteytt\u00e4 seuraavaan s\u00e4hk\u00f6postiosoitteeseen:<br><a href=\"mailto:ekonomi.bmk84@gmail.com\">ekonomi.bmk84@gmail.com<\/a><\/p>\n\n\n\n<p>T\u00e4t\u00e4 rekisteriselostetta voidaan p\u00e4ivitt\u00e4\u00e4 ilman erillist\u00e4 ilmoitusta.<\/p>","protected":false},"excerpt":{"rendered":"<p>Registerbeskrivning Registerh\u00e5llare Badminton Klubben -84 Eken\u00e4s r.f. Klubben v\u00e4rnar om sina medlemmars integritet och str\u00e4var efter att s\u00e4kerst\u00e4lla att deras personuppgifter hanteras p\u00e5 ett lagligt, s\u00e4kert och transparent s\u00e4tt. Klubben lagrar och behandlar personuppgifter i enlighet med EU: s allm\u00e4nna dataskyddsf\u00f6rordning (GDPR, General Data Protection Regulation). Insamling av personuppgifter Vi samlar in personuppgifter fr\u00e5n v\u00e5ra [&hellip;]<\/p>\n","protected":false},"author":1,"featured_media":0,"parent":0,"menu_order":0,"comment_status":"closed","ping_status":"closed","template":"","meta":{"site-sidebar-layout":"default","site-content-layout":"","ast-site-content-layout":"","site-content-style":"default","site-sidebar-style":"default","ast-global-header-display":"","ast-banner-title-visibility":"","ast-main-header-display":"","ast-hfb-above-header-display":"","ast-hfb-below-header-display":"","ast-hfb-mobile-header-display":"","site-post-title":"","ast-breadcrumbs-content":"","ast-featured-img":"","footer-sml-layout":"","theme-transparent-header-meta":"","adv-header-id-meta":"","stick-header-meta":"","header-above-stick-meta":"","header-main-stick-meta":"","header-below-stick-meta":"","astra-migrate-meta-layouts":"default","ast-page-background-enabled":"default","ast-page-background-meta":{"desktop":{"background-color":"var(--ast-global-color-4)","background-image":"","background-repeat":"repeat","background-position":"center center","background-size":"auto","background-attachment":"scroll","background-type":"","background-media":"","overlay-type":"","overlay-color":"","overlay-gradient":""},"tablet":{"background-color":"","background-image":"","background-repeat":"repeat","background-position":"center center","background-size":"auto","background-attachment":"scroll","background-type":"","background-media":"","overlay-type":"","overlay-color":"","overlay-gradient":""},"mobile":{"background-color":"","background-image":"","background-repeat":"repeat","background-position":"center center","background-size":"auto","background-attachment":"scroll","background-type":"","background-media":"","overlay-type":"","overlay-color":"","overlay-gradient":""}},"ast-content-background-meta":{"desktop":{"background-color":"var(--ast-global-color-5)","background-image":"","background-repeat":"repeat","background-position":"center center","background-size":"auto","background-attachment":"scroll","background-type":"","background-media":"","overlay-type":"","overlay-color":"","overlay-gradient":""},"tablet":{"background-color":"var(--ast-global-color-5)","background-image":"","background-repeat":"repeat","background-position":"center center","background-size":"auto","background-attachment":"scroll","background-type":"","background-media":"","overlay-type":"","overlay-color":"","overlay-gradient":""},"mobile":{"background-color":"var(--ast-global-color-5)","background-image":"","background-repeat":"repeat","background-position":"center center","background-size":"auto","background-attachment":"scroll","background-type":"","background-media":"","overlay-type":"","overlay-color":"","overlay-gradient":""}},"footnotes":""},"_links":{"self":[{"href":"https:\/\/bmk-84.fi\/fi\/wp-json\/wp\/v2\/pages\/123"}],"collection":[{"href":"https:\/\/bmk-84.fi\/fi\/wp-json\/wp\/v2\/pages"}],"about":[{"href":"https:\/\/bmk-84.fi\/fi\/wp-json\/wp\/v2\/types\/page"}],"author":[{"embeddable":true,"href":"https:\/\/bmk-84.fi\/fi\/wp-json\/wp\/v2\/users\/1"}],"replies":[{"embeddable":true,"href":"https:\/\/bmk-84.fi\/fi\/wp-json\/wp\/v2\/comments?post=123"}],"version-history":[{"count":2,"href":"https:\/\/bmk-84.fi\/fi\/wp-json\/wp\/v2\/pages\/123\/revisions"}],"predecessor-version":[{"id":136,"href":"https:\/\/bmk-84.fi\/fi\/wp-json\/wp\/v2\/pages\/123\/revisions\/136"}],"wp:attachment":[{"href":"https:\/\/bmk-84.fi\/fi\/wp-json\/wp\/v2\/media?parent=123"}],"curies":[{"name":"wp","href":"https:\/\/api.w.org\/{rel}","templated":true}]}}